{"id":505,"date":"2020-01-20T11:15:26","date_gmt":"2020-01-20T10:15:26","guid":{"rendered":"http:\/\/lorenzraab.at\/wp\/?page_id=505"},"modified":"2020-03-06T10:34:18","modified_gmt":"2020-03-06T09:34:18","slug":"reflections-on-miles-davisin-a-silent-way","status":"publish","type":"page","link":"http:\/\/lorenzraab.at\/wp\/reflections-on-miles-davisin-a-silent-way\/","title":{"rendered":"Reflections on Miles Davis\u00b4&#8221;in a silent way&#8221;"},"content":{"rendered":"<p>Line up:\u00a0<br \/>Lorenz Raab &#8211; trp<br \/>\u0160t\u011bp\u00e1n Flagar &#8211; tenor, soprano saxophone<br \/>Primus Sitter &#8211; guit<br \/>Christof Dienz &#8211; eZither<br \/>Philipp Nykrin &#8211; keyb<br \/>Jojo Lackner\u00a0 &#8211; bass<br \/>Herbert Pirker &#8211; drums<\/p>\n<p>\u00a0<\/p>\n<p><iframe loading=\"lazy\" title=\"Lo Ra Septett by Lorenz Raab\" width=\"700\" height=\"450\" scrolling=\"no\" frameborder=\"no\" src=\"https:\/\/w.soundcloud.com\/player\/?visual=true&#038;url=https%3A%2F%2Fapi.soundcloud.com%2Fplaylists%2F941858356&#038;show_artwork=true&#038;maxheight=1000&#038;maxwidth=700\"><\/iframe><\/p>\n<p>\u00a0<\/p>\n<p><em><span style=\"color: #ff0000;\">Fotos from Frank Schindelbeck on <strong><a style=\"color: #ff0000;\" href=\"https:\/\/jazzpages.de\/lorenz-raab-mit-seiner-band-auf-den-spuren-von-miles-davis-photos-schindelbeck-202001191\/\">JazzPages<\/a><\/strong><\/span><\/em><\/p>\n<p><a href=\"http:\/\/lorenzraab.at\/wp\/wp-content\/uploads\/Samir-Ko\u0308ck.png\"><img loading=\"lazy\" decoding=\"async\" class=\"size-full wp-image-508 alignleft\" src=\"http:\/\/lorenzraab.at\/wp\/wp-content\/uploads\/Samir-Ko\u0308ck.png\" alt=\"\" width=\"1764\" height=\"1058\" srcset=\"http:\/\/lorenzraab.at\/wp\/wp-content\/uploads\/Samir-Ko\u0308ck.png 1764w, http:\/\/lorenzraab.at\/wp\/wp-content\/uploads\/Samir-Ko\u0308ck-300x180.png 300w, http:\/\/lorenzraab.at\/wp\/wp-content\/uploads\/Samir-Ko\u0308ck-768x461.png 768w, http:\/\/lorenzraab.at\/wp\/wp-content\/uploads\/Samir-Ko\u0308ck-1024x614.png 1024w\" sizes=\"(max-width: 706px) 89vw, (max-width: 767px) 82vw, 740px\" \/><\/a><\/p>\n<p style=\"text-align: left;\"><a href=\"http:\/\/lorenzraab.at\/wp\/wp-content\/uploads\/Clemens-Panagl-SN.png\"><img loading=\"lazy\" decoding=\"async\" class=\"alignleft size-full wp-image-510\" src=\"http:\/\/lorenzraab.at\/wp\/wp-content\/uploads\/Clemens-Panagl-SN.png\" alt=\"\" width=\"930\" height=\"958\" srcset=\"http:\/\/lorenzraab.at\/wp\/wp-content\/uploads\/Clemens-Panagl-SN.png 930w, http:\/\/lorenzraab.at\/wp\/wp-content\/uploads\/Clemens-Panagl-SN-291x300.png 291w, http:\/\/lorenzraab.at\/wp\/wp-content\/uploads\/Clemens-Panagl-SN-768x791.png 768w\" sizes=\"(max-width: 706px) 89vw, (max-width: 767px) 82vw, 740px\" \/><\/a><\/p>\n<p style=\"text-align: left;\"><a href=\"http:\/\/lorenzraab.at\/wp\/wp-content\/uploads\/Lubisa-Tosic-DerStandart.png\"><img loading=\"lazy\" decoding=\"async\" class=\"alignleft size-full wp-image-514\" src=\"http:\/\/lorenzraab.at\/wp\/wp-content\/uploads\/Lubisa-Tosic-DerStandart.png\" alt=\"\" width=\"490\" height=\"1266\" srcset=\"http:\/\/lorenzraab.at\/wp\/wp-content\/uploads\/Lubisa-Tosic-DerStandart.png 490w, http:\/\/lorenzraab.at\/wp\/wp-content\/uploads\/Lubisa-Tosic-DerStandart-116x300.png 116w, http:\/\/lorenzraab.at\/wp\/wp-content\/uploads\/Lubisa-Tosic-DerStandart-396x1024.png 396w\" sizes=\"(max-width: 490px) 100vw, 490px\" \/><\/a><\/p>\n<p>\u00a0<\/p>\n\n\n<figure class=\"wp-block-gallery columns-0 is-cropped wp-block-gallery-1 is-layout-flex wp-block-gallery-is-layout-flex\"><ul class=\"blocks-gallery-grid\"><\/ul><\/figure>\n","protected":false},"excerpt":{"rendered":"<p>Line up:\u00a0Lorenz Raab &#8211; trp\u0160t\u011bp\u00e1n Flagar &#8211; tenor, soprano saxophonePrimus Sitter &#8211; guitChristof Dienz &#8211; eZitherPhilipp Nykrin &#8211; keybJojo Lackner\u00a0 &#8211; bassHerbert Pirker &#8211; drums \u00a0 \u00a0 Fotos from Frank Schindelbeck on JazzPages \u00a0<\/p>\n","protected":false},"author":1,"featured_media":0,"parent":0,"menu_order":0,"comment_status":"closed","ping_status":"closed","template":"","meta":{"footnotes":""},"_links":{"self":[{"href":"http:\/\/lorenzraab.at\/wp\/wp-json\/wp\/v2\/pages\/505"}],"collection":[{"href":"http:\/\/lorenzraab.at\/wp\/wp-json\/wp\/v2\/pages"}],"about":[{"href":"http:\/\/lorenzraab.at\/wp\/wp-json\/wp\/v2\/types\/page"}],"author":[{"embeddable":true,"href":"http:\/\/lorenzraab.at\/wp\/wp-json\/wp\/v2\/users\/1"}],"replies":[{"embeddable":true,"href":"http:\/\/lorenzraab.at\/wp\/wp-json\/wp\/v2\/comments?post=505"}],"version-history":[{"count":17,"href":"http:\/\/lorenzraab.at\/wp\/wp-json\/wp\/v2\/pages\/505\/revisions"}],"predecessor-version":[{"id":672,"href":"http:\/\/lorenzraab.at\/wp\/wp-json\/wp\/v2\/pages\/505\/revisions\/672"}],"wp:attachment":[{"href":"http:\/\/lorenzraab.at\/wp\/wp-json\/wp\/v2\/media?parent=505"}],"curies":[{"name":"wp","href":"https:\/\/api.w.org\/{rel}","templated":true}]}}